{"id":73,"date":"2017-07-12T05:54:01","date_gmt":"2017-07-12T10:54:01","guid":{"rendered":"http:\/\/clilegal.mx\/?page_id=73"},"modified":"2021-11-02T18:12:58","modified_gmt":"2021-11-03T00:12:58","slug":"contacto","status":"publish","type":"page","link":"https:\/\/clilegal.mx\/?page_id=73","title":{"rendered":"Contacto"},"content":{"rendered":"<p>[et_pb_section fb_built=&#8221;1&#8243; module_id=&#8221;contactanos&#8221; _builder_version=&#8221;4.7.7&#8243; _module_preset=&#8221;default&#8221; background_color=&#8221;#f9f9f9&#8243; top_divider_color=&#8221;#003366&#8243; da_disable_devices=&#8221;off|off|off&#8221; global_module=&#8221;2170&#8243; saved_tabs=&#8221;all&#8221; da_is_popup=&#8221;off&#8221; da_exit_intent=&#8221;off&#8221; da_has_close=&#8221;on&#8221; da_alt_close=&#8221;off&#8221; da_dark_close=&#8221;off&#8221; da_not_modal=&#8221;on&#8221; da_is_singular=&#8221;off&#8221; da_with_loader=&#8221;off&#8221; da_has_shadow=&#8221;on&#8221;][et_pb_row _builder_version=&#8221;4.7.7&#8243; _module_preset=&#8221;default&#8221; custom_margin=&#8221;||||false|false&#8221; custom_padding=&#8221;||||false|false&#8221;][et_pb_column type=&#8221;4_4&#8243; _builder_version=&#8221;4.7.7&#8243; _module_preset=&#8221;default&#8221;][et_pb_text _builder_version=&#8221;4.7.7&#8243; _module_preset=&#8221;default&#8221; text_font_size=&#8221;16px&#8221; header_3_font=&#8221;|||on|||||&#8221; header_3_text_color=&#8221;#003366&#8243; header_3_font_size=&#8221;24px&#8221; header_4_font=&#8221;||||||||&#8221; custom_margin=&#8221;||12px||false|false&#8221; locked=&#8221;off&#8221;]<\/p>\n<h3><span style=\"font-weight: 400;\">Cont\u00e1ctanos<br \/> <\/span><\/h3>\n<p>[\/et_pb_text][et_pb_text _builder_version=&#8221;4.9.4&#8243; _module_preset=&#8221;default&#8221; width=&#8221;650px&#8221;]<\/p>\n<p>Cont\u00e1ctanos a trav\u00e9s de correo electr\u00f3nico, tel\u00e9fono, redes sociales o d\u00e9janos tus datos en la parte de abajo y\u00a0 nos pondremos en contacto contigo.<\/p>\n<p>[\/et_pb_text][\/et_pb_column][\/et_pb_row][et_pb_row column_structure=&#8221;1_5,1_5,1_5,1_5,1_5&#8243; _builder_version=&#8221;4.7.7&#8243; _module_preset=&#8221;default&#8221;][et_pb_column type=&#8221;1_5&#8243; _builder_version=&#8221;4.7.7&#8243; _module_preset=&#8221;default&#8221;][et_pb_image src=&#8221;https:\/\/clilegal.mx\/wp-content\/uploads\/2021\/04\/oficina-principal-cli.svg&#8221; title_text=&#8221;oficina-principal-cli&#8221; align=&#8221;center&#8221; _builder_version=&#8221;4.7.7&#8243; _module_preset=&#8221;default&#8221; width=&#8221;80px&#8221; custom_margin=&#8221;||20px||false|false&#8221;][\/et_pb_image][et_pb_text _builder_version=&#8221;4.9.4&#8243; _module_preset=&#8221;default&#8221; text_font_size=&#8221;16px&#8221; header_4_font=&#8221;||||||||&#8221; header_5_font=&#8221;Homepage Baukasten Regular||||||||&#8221; header_5_text_align=&#8221;center&#8221; header_5_text_color=&#8221;#003366&#8243; custom_margin=&#8221;||0px|||&#8221;]<\/p>\n<h5><span style=\"font-weight: 400;\">442 295 2895<br \/><\/span><\/h5>\n<p style=\"text-align: center;\"><strong><span style=\"font-size: small;\">kmorales@clilegal.mx<\/span><\/strong><\/p>\n<p>[\/et_pb_text][et_pb_text _builder_version=&#8221;4.9.4&#8243; _module_preset=&#8221;default&#8221; text_font_size=&#8221;16px&#8221; header_4_font=&#8221;||||||||&#8221; header_5_font=&#8221;Homepage Baukasten Bold||||||||&#8221; header_5_text_align=&#8221;center&#8221; header_5_text_color=&#8221;#003366&#8243; custom_margin=&#8221;||13px|||&#8221;]<\/p>\n<h5><span style=\"font-weight: 400;\">Oficina Principal<br \/><\/span><\/h5>\n<p>[\/et_pb_text][\/et_pb_column][et_pb_column type=&#8221;1_5&#8243; _builder_version=&#8221;4.7.7&#8243; _module_preset=&#8221;default&#8221;][et_pb_image src=&#8221;https:\/\/clilegal.mx\/wp-content\/uploads\/2021\/04\/administracion-cli.svg&#8221; title_text=&#8221;administracion-cli&#8221; align=&#8221;center&#8221; _builder_version=&#8221;4.7.7&#8243; _module_preset=&#8221;default&#8221; width=&#8221;80px&#8221; custom_margin=&#8221;||20px||false|false&#8221;][\/et_pb_image][et_pb_text _builder_version=&#8221;4.7.7&#8243; _module_preset=&#8221;default&#8221; text_font_size=&#8221;16px&#8221; header_4_font=&#8221;||||||||&#8221; header_5_font=&#8221;Homepage Baukasten Regular||||||||&#8221; header_5_text_align=&#8221;center&#8221; header_5_text_color=&#8221;#003366&#8243; custom_margin=&#8221;||0px||false|false&#8221;]<\/p>\n<h5><span style=\"font-weight: 400;\">553 568 3116<br \/><\/span><\/h5>\n<p style=\"text-align: center;\"><strong><span style=\"font-size: small;\">kmorales@clilegal.mx<\/span><\/strong><\/p>\n<p>[\/et_pb_text][et_pb_text _builder_version=&#8221;4.7.7&#8243; _module_preset=&#8221;default&#8221; text_font_size=&#8221;16px&#8221; header_4_font=&#8221;||||||||&#8221; header_5_font=&#8221;Homepage Baukasten Bold||||||||&#8221; header_5_text_align=&#8221;center&#8221; header_5_text_color=&#8221;#003366&#8243; custom_margin=&#8221;||13px|||&#8221;]<\/p>\n<h5><span style=\"font-weight: 400;\">Administraci\u00f3n<br \/> <\/span><\/h5>\n<p>[\/et_pb_text][\/et_pb_column][et_pb_column type=&#8221;1_5&#8243; _builder_version=&#8221;4.7.7&#8243; _module_preset=&#8221;default&#8221;][et_pb_image src=&#8221;https:\/\/clilegal.mx\/wp-content\/uploads\/2021\/04\/gerencia-de-litigo-cli-1.svg&#8221; title_text=&#8221;gerencia-de-litigo-cli&#8221; align=&#8221;center&#8221; _builder_version=&#8221;4.7.7&#8243; _module_preset=&#8221;default&#8221; width=&#8221;80px&#8221; custom_margin=&#8221;||20px||false|false&#8221;][\/et_pb_image][et_pb_text _builder_version=&#8221;4.9.4&#8243; _module_preset=&#8221;default&#8221; text_font_size=&#8221;16px&#8221; header_4_font=&#8221;||||||||&#8221; header_5_font=&#8221;Homepage Baukasten Regular||||||||&#8221; header_5_text_align=&#8221;center&#8221; header_5_text_color=&#8221;#003366&#8243; custom_margin=&#8221;||0px||false|false&#8221; hover_enabled=&#8221;0&#8243; sticky_enabled=&#8221;0&#8243; custom_padding=&#8221;||3px|||&#8221;]<\/p>\n<h5><span style=\"font-weight: 400;\">442 169 1954<br \/><\/span><\/h5>\n<p style=\"text-align: center;\"><strong><span style=\"font-size: small;\">gvega@clilegal.mx<\/span><\/strong><\/p>\n<p>[\/et_pb_text][et_pb_text _builder_version=&#8221;4.9.4&#8243; _module_preset=&#8221;default&#8221; text_font_size=&#8221;16px&#8221; header_4_font=&#8221;||||||||&#8221; header_5_font=&#8221;Homepage Baukasten Bold||||||||&#8221; header_5_text_align=&#8221;center&#8221; header_5_text_color=&#8221;#003366&#8243; custom_margin=&#8221;||13px|||&#8221; hover_enabled=&#8221;0&#8243; sticky_enabled=&#8221;0&#8243;]<\/p>\n<h5><span style=\"font-weight: 400;\">Gerencia de Litigio<\/span><\/h5>\n<p>[\/et_pb_text][\/et_pb_column][et_pb_column type=&#8221;1_5&#8243; _builder_version=&#8221;4.9.4&#8243; _module_preset=&#8221;default&#8221;][et_pb_image src=&#8221;https:\/\/clilegal.mx\/wp-content\/uploads\/2021\/04\/direccion-general-cli.svg&#8221; title_text=&#8221;direccion-general-cli&#8221; align=&#8221;center&#8221; _builder_version=&#8221;4.9.4&#8243; _module_preset=&#8221;default&#8221; width=&#8221;80px&#8221; custom_margin=&#8221;||20px||false|false&#8221;][\/et_pb_image][et_pb_text _builder_version=&#8221;4.7.7&#8243; _module_preset=&#8221;default&#8221; text_font_size=&#8221;16px&#8221; header_4_font=&#8221;||||||||&#8221; header_5_font=&#8221;Homepage Baukasten Regular||||||||&#8221; header_5_text_align=&#8221;center&#8221; header_5_text_color=&#8221;#003366&#8243; custom_margin=&#8221;||0px|||&#8221;]<\/p>\n<h5><span style=\"font-weight: 400;\">442 125 5055<br \/><\/span><\/h5>\n<p style=\"text-align: center;\"><span style=\"font-weight: 400;\"><strong><span style=\"font-size: small;\">cdavalos@clilegal.mx<\/span><\/strong><\/span><\/p>\n<p>[\/et_pb_text][et_pb_text _builder_version=&#8221;4.7.7&#8243; _module_preset=&#8221;default&#8221; text_font_size=&#8221;16px&#8221; header_4_font=&#8221;||||||||&#8221; header_5_font=&#8221;Homepage Baukasten Bold||||||||&#8221; header_5_text_align=&#8221;center&#8221; header_5_text_color=&#8221;#003366&#8243; custom_margin=&#8221;||13px|||&#8221; custom_padding=&#8221;0px|||||&#8221;]<\/p>\n<h5><span style=\"font-weight: 400;\">Direcci\u00f3n General<br \/><\/span><\/h5>\n<p>[\/et_pb_text][\/et_pb_column][et_pb_column type=&#8221;1_5&#8243; _builder_version=&#8221;4.7.7&#8243; _module_preset=&#8221;default&#8221;][\/et_pb_column][\/et_pb_row][et_pb_row column_structure=&#8221;3_5,2_5&#8243; _builder_version=&#8221;4.7.7&#8243; _module_preset=&#8221;default&#8221;][et_pb_column type=&#8221;3_5&#8243; _builder_version=&#8221;4.7.7&#8243; _module_preset=&#8221;default&#8221;][et_pb_contact_form captcha=&#8221;off&#8221; email=&#8221;maria.arevalo@appix.mx&#8221; custom_message=&#8221;Llenaron el formulario de contacto en tu p\u00e1gina web.||et_pb_line_break_holder||||et_pb_line_break_holder||Nombre: %%Nombre%%||et_pb_line_break_holder||||et_pb_line_break_holder||Correo electr\u00f3nico: %%Correo_electronico%%||et_pb_line_break_holder||||et_pb_line_break_holder||Asunto: %5Asunto%%||et_pb_line_break_holder||||et_pb_line_break_holder||Mensaje: %%Mensaje%%&#8221; success_message=&#8221;Gracias por tu inter\u00e9s, en breve nos pondremos en contacto contigo.&#8221; submit_button_text=&#8221;Enviar&#8221; _builder_version=&#8221;4.7.7&#8243; _module_preset=&#8221;default&#8221; form_field_background_color=&#8221;rgba(0,0,0,0)&#8221; form_field_focus_text_color=&#8221;#003366&#8243; title_text_color=&#8221;#003366&#8243; custom_button=&#8221;on&#8221; button_text_size=&#8221;18px&#8221; button_text_color=&#8221;#ffffff&#8221; button_bg_color=&#8221;#003366&#8243; button_bg_color_gradient_start=&#8221;#009abc&#8221; button_bg_color_gradient_end=&#8221;#6699cc&#8221; button_bg_color_gradient_direction=&#8221;66deg&#8221; button_border_width=&#8221;0px&#8221; button_border_radius=&#8221;100px&#8221; border_width_bottom=&#8221;1px&#8221; border_color_bottom=&#8221;#bdbdbd&#8221;][et_pb_contact_field field_id=&#8221;Nombre&#8221; field_title=&#8221;Nombre&#8221; fullwidth_field=&#8221;on&#8221; _builder_version=&#8221;4.7.7&#8243; button_text_size__hover_enabled=&#8221;off&#8221; button_one_text_size__hover_enabled=&#8221;off&#8221; button_two_text_size__hover_enabled=&#8221;off&#8221; button_text_color__hover_enabled=&#8221;off&#8221; button_one_text_color__hover_enabled=&#8221;off&#8221; button_two_text_color__hover_enabled=&#8221;off&#8221; button_border_width__hover_enabled=&#8221;off&#8221; button_one_border_width__hover_enabled=&#8221;off&#8221; button_two_border_width__hover_enabled=&#8221;off&#8221; button_border_color__hover_enabled=&#8221;off&#8221; button_one_border_color__hover_enabled=&#8221;off&#8221; button_two_border_color__hover_enabled=&#8221;off&#8221; button_border_radius__hover_enabled=&#8221;off&#8221; button_one_border_radius__hover_enabled=&#8221;off&#8221; button_two_border_radius__hover_enabled=&#8221;off&#8221; button_letter_spacing__hover_enabled=&#8221;off&#8221; button_one_letter_spacing__hover_enabled=&#8221;off&#8221; button_two_letter_spacing__hover_enabled=&#8221;off&#8221; button_bg_color__hover_enabled=&#8221;off&#8221; button_one_bg_color__hover_enabled=&#8221;off&#8221; button_two_bg_color__hover_enabled=&#8221;off&#8221;][\/et_pb_contact_field][et_pb_contact_field field_id=&#8221;Correo_electronico&#8221; field_title=&#8221;Correo electr\u00f3nico&#8221; field_type=&#8221;email&#8221; fullwidth_field=&#8221;on&#8221; _builder_version=&#8221;4.7.7&#8243; button_text_size__hover_enabled=&#8221;off&#8221; button_one_text_size__hover_enabled=&#8221;off&#8221; button_two_text_size__hover_enabled=&#8221;off&#8221; button_text_color__hover_enabled=&#8221;off&#8221; button_one_text_color__hover_enabled=&#8221;off&#8221; button_two_text_color__hover_enabled=&#8221;off&#8221; button_border_width__hover_enabled=&#8221;off&#8221; button_one_border_width__hover_enabled=&#8221;off&#8221; button_two_border_width__hover_enabled=&#8221;off&#8221; button_border_color__hover_enabled=&#8221;off&#8221; button_one_border_color__hover_enabled=&#8221;off&#8221; button_two_border_color__hover_enabled=&#8221;off&#8221; button_border_radius__hover_enabled=&#8221;off&#8221; button_one_border_radius__hover_enabled=&#8221;off&#8221; button_two_border_radius__hover_enabled=&#8221;off&#8221; button_letter_spacing__hover_enabled=&#8221;off&#8221; button_one_letter_spacing__hover_enabled=&#8221;off&#8221; button_two_letter_spacing__hover_enabled=&#8221;off&#8221; button_bg_color__hover_enabled=&#8221;off&#8221; button_one_bg_color__hover_enabled=&#8221;off&#8221; button_two_bg_color__hover_enabled=&#8221;off&#8221;][\/et_pb_contact_field][et_pb_contact_field field_id=&#8221;Asunto&#8221; field_title=&#8221;Asunto&#8221; fullwidth_field=&#8221;on&#8221; _builder_version=&#8221;4.7.7&#8243; _module_preset=&#8221;default&#8221;][\/et_pb_contact_field][et_pb_contact_field field_id=&#8221;Mensaje&#8221; field_title=&#8221;Mensaje&#8221; field_type=&#8221;text&#8221; fullwidth_field=&#8221;on&#8221; _builder_version=&#8221;4.7.7&#8243; button_text_size__hover_enabled=&#8221;off&#8221; button_one_text_size__hover_enabled=&#8221;off&#8221; button_two_text_size__hover_enabled=&#8221;off&#8221; button_text_color__hover_enabled=&#8221;off&#8221; button_one_text_color__hover_enabled=&#8221;off&#8221; button_two_text_color__hover_enabled=&#8221;off&#8221; button_border_width__hover_enabled=&#8221;off&#8221; button_one_border_width__hover_enabled=&#8221;off&#8221; button_two_border_width__hover_enabled=&#8221;off&#8221; button_border_color__hover_enabled=&#8221;off&#8221; button_one_border_color__hover_enabled=&#8221;off&#8221; button_two_border_color__hover_enabled=&#8221;off&#8221; button_border_radius__hover_enabled=&#8221;off&#8221; button_one_border_radius__hover_enabled=&#8221;off&#8221; button_two_border_radius__hover_enabled=&#8221;off&#8221; button_letter_spacing__hover_enabled=&#8221;off&#8221; button_one_letter_spacing__hover_enabled=&#8221;off&#8221; button_two_letter_spacing__hover_enabled=&#8221;off&#8221; button_bg_color__hover_enabled=&#8221;off&#8221; button_one_bg_color__hover_enabled=&#8221;off&#8221; button_two_bg_color__hover_enabled=&#8221;off&#8221;][\/et_pb_contact_field][\/et_pb_contact_form][\/et_pb_column][et_pb_column type=&#8221;2_5&#8243; _builder_version=&#8221;4.7.7&#8243; _module_preset=&#8221;default&#8221;][et_pb_code _builder_version=&#8221;4.7.7&#8243; _module_preset=&#8221;default&#8221;]<iframe src=\"https:\/\/www.google.com\/maps\/embed?pb=!1m18!1m12!1m3!1d3734.1259770559946!2d-100.3941274570652!3d20.62372130259536!2m3!1f0!2f0!3f0!3m2!1i1024!2i768!4f13.1!3m3!1m2!1s0x85d35b1d4fd5cdc5%3A0xe02004b0194b7a72!2sAdolfo%20G.%20Garc%C3%ADa%2019%2C%20Constituyentes%2C%2076147%20Santiago%20de%20Quer%C3%A9taro%2C%20Qro.!5e0!3m2!1ses!2smx!4v1616611759489!5m2!1ses!2smx\" width=\"400\" height=\"400\" style=\"border:0;\" allowfullscreen=\"\" loading=\"lazy\"><\/iframe>[\/et_pb_code][\/et_pb_column][\/et_pb_row][\/et_pb_section]<\/p>\n","protected":false},"excerpt":{"rendered":"<p>[et_pb_section fb_built=&#8221;1&#8243; module_id=&#8221;contactanos&#8221; _builder_version=&#8221;4.7.7&#8243; _module_preset=&#8221;default&#8221; background_color=&#8221;#f9f9f9&#8243; top_divider_color=&#8221;#003366&#8243; da_disable_devices=&#8221;off|off|off&#8221; global_module=&#8221;2170&#8243; saved_tabs=&#8221;all&#8221; da_is_popup=&#8221;off&#8221; da_exit_intent=&#8221;off&#8221; da_has_close=&#8221;on&#8221; da_alt_close=&#8221;off&#8221; da_dark_close=&#8221;off&#8221; da_not_modal=&#8221;on&#8221; da_is_singular=&#8221;off&#8221; da_with_loader=&#8221;off&#8221; da_has_shadow=&#8221;on&#8221;][et_pb_row _builder_version=&#8221;4.7.7&#8243; _module_preset=&#8221;default&#8221; custom_margin=&#8221;||||false|false&#8221; custom_padding=&#8221;||||false|false&#8221;][et_pb_column type=&#8221;4_4&#8243; _builder_version=&#8221;4.7.7&#8243; _module_preset=&#8221;default&#8221;][et_pb_text _builder_version=&#8221;4.7.7&#8243; _module_preset=&#8221;default&#8221; text_font_size=&#8221;16px&#8221; header_3_font=&#8221;|||on|||||&#8221; header_3_text_color=&#8221;#003366&#8243; header_3_font_size=&#8221;24px&#8221; header_4_font=&#8221;||||||||&#8221; custom_margin=&#8221;||12px||false|false&#8221; locked=&#8221;off&#8221;] Cont\u00e1ctanos [\/et_pb_text][et_pb_text _builder_version=&#8221;4.9.4&#8243; _module_preset=&#8221;default&#8221; width=&#8221;650px&#8221;] Cont\u00e1ctanos a trav\u00e9s de correo electr\u00f3nico, tel\u00e9fono, redes sociales o d\u00e9janos tus datos en la [&hellip;]<\/p>\n","protected":false},"author":2,"featured_media":0,"parent":0,"menu_order":0,"comment_status":"closed","ping_status":"closed","template":"","meta":{"_et_pb_use_builder":"on","_et_pb_old_content":"","_et_gb_content_width":"","footnotes":""},"class_list":["post-73","page","type-page","status-publish","hentry"],"_links":{"self":[{"href":"https:\/\/clilegal.mx\/index.php?rest_route=\/wp\/v2\/pages\/73","targetHints":{"allow":["GET"]}}],"collection":[{"href":"https:\/\/clilegal.mx\/index.php?rest_route=\/wp\/v2\/pages"}],"about":[{"href":"https:\/\/clilegal.mx\/index.php?rest_route=\/wp\/v2\/types\/page"}],"author":[{"embeddable":true,"href":"https:\/\/clilegal.mx\/index.php?rest_route=\/wp\/v2\/users\/2"}],"replies":[{"embeddable":true,"href":"https:\/\/clilegal.mx\/index.php?rest_route=%2Fwp%2Fv2%2Fcomments&post=73"}],"version-history":[{"count":5,"href":"https:\/\/clilegal.mx\/index.php?rest_route=\/wp\/v2\/pages\/73\/revisions"}],"predecessor-version":[{"id":2463,"href":"https:\/\/clilegal.mx\/index.php?rest_route=\/wp\/v2\/pages\/73\/revisions\/2463"}],"wp:attachment":[{"href":"https:\/\/clilegal.mx\/index.php?rest_route=%2Fwp%2Fv2%2Fmedia&parent=73"}],"curies":[{"name":"wp","href":"https:\/\/api.w.org\/{rel}","templated":true}]}}