{"id":2023,"date":"2021-03-30T12:15:05","date_gmt":"2021-03-30T18:15:05","guid":{"rendered":"http:\/\/clilegal.mx\/?page_id=2023"},"modified":"2021-10-18T16:20:10","modified_gmt":"2021-10-18T21:20:10","slug":"asesorias","status":"publish","type":"page","link":"https:\/\/clilegal.mx\/?page_id=2023","title":{"rendered":"Asesor\u00edas"},"content":{"rendered":"<p>[et_pb_section fb_built=&#8221;1&#8243; _builder_version=&#8221;4.7.7&#8243; _module_preset=&#8221;default&#8221; background_color=&#8221;#f9f9f9&#8243; custom_padding=&#8221;|||0px||&#8221; da_disable_devices=&#8221;off|off|off&#8221; da_is_popup=&#8221;off&#8221; da_exit_intent=&#8221;off&#8221; da_has_close=&#8221;on&#8221; da_alt_close=&#8221;off&#8221; da_dark_close=&#8221;off&#8221; da_not_modal=&#8221;on&#8221; da_is_singular=&#8221;off&#8221; da_with_loader=&#8221;off&#8221; da_has_shadow=&#8221;on&#8221;][et_pb_row _builder_version=&#8221;4.7.7&#8243; _module_preset=&#8221;default&#8221;][et_pb_column type=&#8221;4_4&#8243; _builder_version=&#8221;4.7.7&#8243; _module_preset=&#8221;default&#8221;][et_pb_text _builder_version=&#8221;4.7.7&#8243; _module_preset=&#8221;default&#8221; header_text_color=&#8221;#003366&#8243; header_2_font=&#8221;|||on|||||&#8221; header_2_text_color=&#8221;#003366&#8243; header_2_font_size=&#8221;24px&#8221; custom_margin=&#8221;||8px||false|false&#8221;]<\/p>\n<h2><span style=\"font-weight: 400;\">Asesor\u00edas profesionales y personalizadas<\/span><\/h2>\n<p>[\/et_pb_text][et_pb_divider divider_weight=&#8221;4px&#8221; _builder_version=&#8221;4.7.7&#8243; _module_preset=&#8221;default&#8221; width=&#8221;80px&#8221; custom_margin=&#8221;||4px||false|false&#8221;][\/et_pb_divider][et_pb_text _builder_version=&#8221;4.7.7&#8243; _module_preset=&#8221;default&#8221; text_font_size=&#8221;16px&#8221;]<\/p>\n<p><span style=\"font-weight: 400;\">Comprende toda consulta que se relacione con cualquier problema de car\u00e1cter laboral. Por ejemplo, citatorios ante la Procuradur\u00eda de la Defensa del Trabajo y\/o, atenci\u00f3n y tramitaci\u00f3n de cualquier juicio y\/o demanda individual por parte del trabajador ante la Junta Local o Federal de Conciliaci\u00f3n y Arbitraje.<\/span><\/p>\n<p>[\/et_pb_text][\/et_pb_column][\/et_pb_row][et_pb_row column_structure=&#8221;1_3,1_3,1_3&#8243; make_equal=&#8221;on&#8221; _builder_version=&#8221;4.7.7&#8243; _module_preset=&#8221;default&#8221;][et_pb_column type=&#8221;1_3&#8243; _builder_version=&#8221;4.7.7&#8243; _module_preset=&#8221;default&#8221; background_color=&#8221;#ffffff&#8221; custom_padding=&#8221;32px|32px|32px|32px|true|true&#8221; box_shadow_style=&#8221;preset1&#8243; box_shadow_blur=&#8221;5px&#8221;][et_pb_text _builder_version=&#8221;4.7.7&#8243; _module_preset=&#8221;default&#8221; header_text_color=&#8221;#003366&#8243; header_4_text_color=&#8221;#003366&#8243; header_4_line_height=&#8221;1.2em&#8221; custom_margin=&#8221;||4px||false|false&#8221;]<\/p>\n<h4>Relaciones Individuales de Trabajo<\/h4>\n<p>[\/et_pb_text][et_pb_text _builder_version=&#8221;4.7.7&#8243; _module_preset=&#8221;default&#8221; custom_margin=&#8221;||9px|||&#8221;][\/et_pb_text][et_pb_text _builder_version=&#8221;4.7.7&#8243; _module_preset=&#8221;default&#8221; custom_margin=&#8221;||2px|||&#8221;]<\/p>\n<ul>\n<li>Contratos individuales de trabajo<\/li>\n<li>Controles de asistencia<\/li>\n<li>N\u00f3minas<\/li>\n<li>recibos de pago de salarios CFDI y XML<\/li>\n<li>Recibimos de pago de prestaci\u00f3n CFDI y XML<\/li>\n<li>Proyecto de reparto de participaci\u00f3n de utilidades<\/li>\n<li>Registro al INFONACOT<\/li>\n<li>Avisos de rescisi\u00f3n de la relaci\u00f3n de trabajo<\/li>\n<li>Bajas<\/li>\n<li>Renuncias y c\u00e1lculo de finiquitos<\/li>\n<li>Incorporaci\u00f3n y aportaciones al IMSS, Fondo nacional de la vivienda y al Sistema de ahorro para el retiro<\/li>\n<li>Convenios de confidencialidad<\/li>\n<li>Contratos de prestaci\u00f3n de servicios<\/li>\n<li>Cartas responsivas de herramientas de trabajo ( Veh\u00edculos, equipos y herramientas)<\/li>\n<li>Convenios de la modificaci\u00f3n de condiciones de trabajo<\/li>\n<li>Convenios de terminaci\u00f3n de relaci\u00f3n de trabajo<\/li>\n<\/ul>\n<p>[\/et_pb_text][dipl_text_highlighter _builder_version=&#8221;4.7.7&#8243; _module_preset=&#8221;default&#8221;][\/dipl_text_highlighter][\/et_pb_column][et_pb_column type=&#8221;1_3&#8243; _builder_version=&#8221;4.7.7&#8243; _module_preset=&#8221;default&#8221; background_color=&#8221;#ffffff&#8221; custom_padding=&#8221;32px|32px|32px|32px|true|true&#8221; box_shadow_style=&#8221;preset1&#8243; box_shadow_blur=&#8221;5px&#8221;][et_pb_text _builder_version=&#8221;4.9.4&#8243; _module_preset=&#8221;default&#8221; header_text_color=&#8221;#003366&#8243; header_4_text_color=&#8221;#003366&#8243; header_4_line_height=&#8221;1.2em&#8221; custom_margin=&#8221;||4px||false|false&#8221;]<\/p>\n<h4>Relaciones Colectivas de Trabajo<\/h4>\n<p>[\/et_pb_text][et_pb_text _builder_version=&#8221;4.7.7&#8243; _module_preset=&#8221;default&#8221; custom_margin=&#8221;||9px|||&#8221;][\/et_pb_text][et_pb_text _builder_version=&#8221;4.9.4&#8243; _module_preset=&#8221;default&#8221; custom_margin=&#8221;||2px|||&#8221;]<\/p>\n<ul>\n<li style=\"font-weight: 400;\" aria-level=\"2\">Reglamento Interior de Trabajo<\/li>\n<li style=\"font-weight: 400;\" aria-level=\"2\">Contrato Colectivo de Trabajo<\/li>\n<li style=\"font-weight: 400;\" aria-level=\"2\">Convenios Colectivos de Modificaci\u00f3n de condiciones de Trabajo<\/li>\n<li style=\"font-weight: 400;\" aria-level=\"2\">Convenios Colectivos de Suspensi\u00f3n de la Relaci\u00f3n de Trabajo<\/li>\n<li style=\"font-weight: 400;\" aria-level=\"2\">Convenios Colectivos de Terminaci\u00f3n de la relaci\u00f3n de Trabajo<\/li>\n<li style=\"font-weight: 400;\" aria-level=\"2\">Cuadro General de Antig\u00fcedades<\/li>\n<li style=\"font-weight: 400;\" aria-level=\"2\">Proyecto de reparto de utilidades<\/li>\n<li style=\"font-weight: 400;\" aria-level=\"2\">Planes de capacitaci\u00f3n, adiestramiento y productividad<\/li>\n<li style=\"font-weight: 400;\" aria-level=\"2\">Seguridad e Higiene<\/li>\n<li style=\"font-weight: 400;\" aria-level=\"2\">Protocolo de prevenci\u00f3n de discriminaci\u00f3n a la violencia, Acoso y Hostigamiento sexual<\/li>\n<li style=\"font-weight: 400;\" aria-level=\"2\">NOM 035<\/li>\n<li style=\"font-weight: 400;\" aria-level=\"2\">Registro de prestadoras de servicios especializados u Obras Especializadas (REPSE)<\/li>\n<\/ul>\n<p>[\/et_pb_text][dipl_text_highlighter _builder_version=&#8221;4.7.7&#8243; _module_preset=&#8221;default&#8221;][\/dipl_text_highlighter][\/et_pb_column][et_pb_column type=&#8221;1_3&#8243; _builder_version=&#8221;4.7.7&#8243; _module_preset=&#8221;default&#8221; background_color=&#8221;#ffffff&#8221; custom_padding=&#8221;32px|32px|32px|32px|true|true&#8221; box_shadow_style=&#8221;preset1&#8243; box_shadow_blur=&#8221;5px&#8221;][et_pb_text _builder_version=&#8221;4.9.4&#8243; _module_preset=&#8221;default&#8221; header_text_color=&#8221;#003366&#8243; header_4_text_color=&#8221;#003366&#8243; header_4_line_height=&#8221;1.2em&#8221; custom_margin=&#8221;||4px||false|false&#8221;]<\/p>\n<h4>Defensa Legal ante las Autoridades del Trabajo del Poder Ejecutivo o Judicial a nivel Federal o Estatal, en toda la Rep\u00fablica Mexicana<\/h4>\n<p>[\/et_pb_text][et_pb_text _builder_version=&#8221;4.9.4&#8243; _module_preset=&#8221;default&#8221; custom_margin=&#8221;||2px|||&#8221;]<\/p>\n<ul>\n<li style=\"font-weight: 400;\" aria-level=\"2\">Citatorios<\/li>\n<li style=\"font-weight: 400;\" aria-level=\"2\">Procedimientos de Conciliacion Prejudicial<\/li>\n<li style=\"font-weight: 400;\" aria-level=\"2\">Juicios individuales<\/li>\n<li style=\"font-weight: 400;\" aria-level=\"2\">Juicios por fallecimientos<\/li>\n<li style=\"font-weight: 400;\" aria-level=\"2\">Juicios para la devoluci\u00f3n de vivienda y afores<\/li>\n<li style=\"font-weight: 400;\" aria-level=\"2\">Juicios colectivos<\/li>\n<li style=\"font-weight: 400;\" aria-level=\"2\">Juicios de Amparo<\/li>\n<li style=\"font-weight: 400;\" aria-level=\"2\">Procedimiento de Huelgas<\/li>\n<li style=\"font-weight: 400;\" aria-level=\"2\">Inspecciones\u00a0<\/li>\n<li style=\"font-weight: 400;\" aria-level=\"2\">Auditorias<\/li>\n<li style=\"font-weight: 400;\" aria-level=\"2\">Multas, recargos y actualizaci\u00f3n por incumplimiento<\/li>\n<li style=\"font-weight: 400;\" aria-level=\"2\">Capitales Constitutivos<\/li>\n<\/ul>\n<p>[\/et_pb_text][\/et_pb_column][\/et_pb_row][et_pb_row _builder_version=&#8221;4.9.4&#8243; _module_preset=&#8221;default&#8221;][et_pb_column _builder_version=&#8221;4.9.4&#8243; _module_preset=&#8221;default&#8221; type=&#8221;4_4&#8243;][dipl_fancy_text _builder_version=&#8221;4.9.4&#8243; _module_preset=&#8221;default&#8221; fancy_text=&#8221;Beneficios&#8221; hover_enabled=&#8221;0&#8243; sticky_enabled=&#8221;0&#8243; body_font_size=&#8221;30px&#8221; grandient_color_1=&#8221;#003366&#8243; grandient_color_2=&#8221;#003366&#8243;][\/dipl_fancy_text][\/et_pb_column][\/et_pb_row][et_pb_row _builder_version=&#8221;4.9.4&#8243; _module_preset=&#8221;default&#8221; custom_padding=&#8221;0px|||||&#8221;][et_pb_column _builder_version=&#8221;4.9.4&#8243; _module_preset=&#8221;default&#8221; type=&#8221;4_4&#8243;][et_pb_text _builder_version=&#8221;4.9.4&#8243; _module_preset=&#8221;default&#8221; hover_enabled=&#8221;0&#8243; sticky_enabled=&#8221;0&#8243;]<\/p>\n<p><span style=\"font-size: large;\">\u2713Ten la tranquilidad que todos los juicios que pongas en nuestras manos ser\u00e1n atendidos por profesionales especializados, con experiencia en la materia, que obtendr\u00e1n el mejor resultado para tu organizaci\u00f3n.<\/span><\/p>\n<p><span style=\"font-size: large;\">\u2713Obtendr\u00e1s transparencia en el avance del proceso y resultado de cada una de las etapas del juicio, con informaci\u00f3n oportuna, ver\u00eddica y comprobable para la debida toma de decisiones.<\/span><\/p>\n<p><span style=\"font-size: large;\">\u2713Porque sabemos la importancia de los documentos que nos conf\u00edas, les damos la mayor confidencialidad y resguardo para que te sientas protegido dentro y fuera de juicio.<\/span><\/p>\n<p><span style=\"font-size: large;\">\u2713Logramos ahorros importantes, implementando las mejores estrategias de negociaci\u00f3n, evitando contingencias extraordinarias, en beneficio de tu organizaci\u00f3n.<\/span><\/p>\n<p>[\/et_pb_text][\/et_pb_column][\/et_pb_row][et_pb_row _builder_version=&#8221;4.9.4&#8243; _module_preset=&#8221;default&#8221; custom_padding=&#8221;|626px||||&#8221;][et_pb_column type=&#8221;4_4&#8243; _builder_version=&#8221;4.9.4&#8243; _module_preset=&#8221;default&#8221;][et_pb_contact_form use_spam_service=&#8221;on&#8221; email=&#8221;cdavalos@clilegal.mx&#8221; title=&#8221;Recibe una asesor\u00eda al instante&#8221; success_message=&#8221;Mensaje Enviado&#8221; submit_button_text=&#8221;Enviar&#8221; _builder_version=&#8221;4.9.4&#8243; _module_preset=&#8221;default&#8221; custom_margin=&#8221;|-676px||||&#8221;][et_pb_contact_field field_id=&#8221;Nombre Complleto&#8221; field_title=&#8221;Nombre&#8221; _builder_version=&#8221;4.9.4&#8243; button_text_size__hover_enabled=&#8221;off&#8221; button_one_text_size__hover_enabled=&#8221;off&#8221; button_two_text_size__hover_enabled=&#8221;off&#8221; button_text_color__hover_enabled=&#8221;off&#8221; button_one_text_color__hover_enabled=&#8221;off&#8221; button_two_text_color__hover_enabled=&#8221;off&#8221; button_border_width__hover_enabled=&#8221;off&#8221; button_one_border_width__hover_enabled=&#8221;off&#8221; button_two_border_width__hover_enabled=&#8221;off&#8221; button_border_color__hover_enabled=&#8221;off&#8221; button_one_border_color__hover_enabled=&#8221;off&#8221; button_two_border_color__hover_enabled=&#8221;off&#8221; button_border_radius__hover_enabled=&#8221;off&#8221; button_one_border_radius__hover_enabled=&#8221;off&#8221; button_two_border_radius__hover_enabled=&#8221;off&#8221; button_letter_spacing__hover_enabled=&#8221;off&#8221; button_one_letter_spacing__hover_enabled=&#8221;off&#8221; button_two_letter_spacing__hover_enabled=&#8221;off&#8221; button_bg_color__hover_enabled=&#8221;off&#8221; button_one_bg_color__hover_enabled=&#8221;off&#8221; button_two_bg_color__hover_enabled=&#8221;off&#8221;][\/et_pb_contact_field][et_pb_contact_field field_id=&#8221;Email&#8221; field_title=&#8221;Email Address&#8221; field_type=&#8221;email&#8221; _builder_version=&#8221;3.16&#8243; button_text_size__hover_enabled=&#8221;off&#8221; button_one_text_size__hover_enabled=&#8221;off&#8221; button_two_text_size__hover_enabled=&#8221;off&#8221; button_text_color__hover_enabled=&#8221;off&#8221; button_one_text_color__hover_enabled=&#8221;off&#8221; button_two_text_color__hover_enabled=&#8221;off&#8221; button_border_width__hover_enabled=&#8221;off&#8221; button_one_border_width__hover_enabled=&#8221;off&#8221; button_two_border_width__hover_enabled=&#8221;off&#8221; button_border_color__hover_enabled=&#8221;off&#8221; button_one_border_color__hover_enabled=&#8221;off&#8221; button_two_border_color__hover_enabled=&#8221;off&#8221; button_border_radius__hover_enabled=&#8221;off&#8221; button_one_border_radius__hover_enabled=&#8221;off&#8221; button_two_border_radius__hover_enabled=&#8221;off&#8221; button_letter_spacing__hover_enabled=&#8221;off&#8221; button_one_letter_spacing__hover_enabled=&#8221;off&#8221; button_two_letter_spacing__hover_enabled=&#8221;off&#8221; button_bg_color__hover_enabled=&#8221;off&#8221; button_one_bg_color__hover_enabled=&#8221;off&#8221; button_two_bg_color__hover_enabled=&#8221;off&#8221;][\/et_pb_contact_field][et_pb_contact_field field_id=&#8221;Tel\u00e9fono&#8221; field_title=&#8221;Tel\u00e9fono&#8221; min_length=&#8221;59&#8243; required_mark=&#8221;off&#8221; _builder_version=&#8221;4.9.4&#8243; button_text_size__hover_enabled=&#8221;off&#8221; button_one_text_size__hover_enabled=&#8221;off&#8221; button_two_text_size__hover_enabled=&#8221;off&#8221; button_text_color__hover_enabled=&#8221;off&#8221; button_one_text_color__hover_enabled=&#8221;off&#8221; button_two_text_color__hover_enabled=&#8221;off&#8221; button_border_width__hover_enabled=&#8221;off&#8221; button_one_border_width__hover_enabled=&#8221;off&#8221; button_two_border_width__hover_enabled=&#8221;off&#8221; button_border_color__hover_enabled=&#8221;off&#8221; button_one_border_color__hover_enabled=&#8221;off&#8221; button_two_border_color__hover_enabled=&#8221;off&#8221; button_border_radius__hover_enabled=&#8221;off&#8221; button_one_border_radius__hover_enabled=&#8221;off&#8221; button_two_border_radius__hover_enabled=&#8221;off&#8221; button_letter_spacing__hover_enabled=&#8221;off&#8221; button_one_letter_spacing__hover_enabled=&#8221;off&#8221; button_two_letter_spacing__hover_enabled=&#8221;off&#8221; button_bg_color__hover_enabled=&#8221;off&#8221; button_one_bg_color__hover_enabled=&#8221;off&#8221; button_two_bg_color__hover_enabled=&#8221;off&#8221;][\/et_pb_contact_field][et_pb_contact_field field_id=&#8221;Mensaje&#8221; field_title=&#8221;Mensaje&#8221; field_type=&#8221;text&#8221; fullwidth_field=&#8221;on&#8221; _builder_version=&#8221;4.9.4&#8243; button_text_size__hover_enabled=&#8221;off&#8221; button_one_text_size__hover_enabled=&#8221;off&#8221; button_two_text_size__hover_enabled=&#8221;off&#8221; button_text_color__hover_enabled=&#8221;off&#8221; button_one_text_color__hover_enabled=&#8221;off&#8221; button_two_text_color__hover_enabled=&#8221;off&#8221; button_border_width__hover_enabled=&#8221;off&#8221; button_one_border_width__hover_enabled=&#8221;off&#8221; button_two_border_width__hover_enabled=&#8221;off&#8221; button_border_color__hover_enabled=&#8221;off&#8221; button_one_border_color__hover_enabled=&#8221;off&#8221; button_two_border_color__hover_enabled=&#8221;off&#8221; button_border_radius__hover_enabled=&#8221;off&#8221; button_one_border_radius__hover_enabled=&#8221;off&#8221; button_two_border_radius__hover_enabled=&#8221;off&#8221; button_letter_spacing__hover_enabled=&#8221;off&#8221; button_one_letter_spacing__hover_enabled=&#8221;off&#8221; button_two_letter_spacing__hover_enabled=&#8221;off&#8221; button_bg_color__hover_enabled=&#8221;off&#8221; button_one_bg_color__hover_enabled=&#8221;off&#8221; button_two_bg_color__hover_enabled=&#8221;off&#8221;][\/et_pb_contact_field][\/et_pb_contact_form][\/et_pb_column][\/et_pb_row][et_pb_row _builder_version=&#8221;4.7.7&#8243; _module_preset=&#8221;default&#8221;][et_pb_column type=&#8221;4_4&#8243; _builder_version=&#8221;4.7.7&#8243; _module_preset=&#8221;default&#8221;][et_pb_button button_url=&#8221;@ET-DC@eyJkeW5hbWljIjp0cnVlLCJjb250ZW50IjoiaG9tZV91cmwiLCJzZXR0aW5ncyI6e319@&#8221; button_text=&#8221;Volver a Servicios&#8221; _builder_version=&#8221;4.7.7&#8243; _dynamic_attributes=&#8221;button_url&#8221; _module_preset=&#8221;default&#8221; custom_button=&#8221;on&#8221; button_text_size=&#8221;16px&#8221; button_text_color=&#8221;#ffffff&#8221; button_bg_color=&#8221;#003366&#8243; button_border_width=&#8221;1px&#8221; button_border_radius=&#8221;35px&#8221; button_use_icon=&#8221;off&#8221; custom_padding=&#8221;|||14px|false|false&#8221;][\/et_pb_button][\/et_pb_column][\/et_pb_row][\/et_pb_section]<\/p>\n","protected":false},"excerpt":{"rendered":"<p>[et_pb_section fb_built=&#8221;1&#8243; _builder_version=&#8221;4.7.7&#8243; _module_preset=&#8221;default&#8221; background_color=&#8221;#f9f9f9&#8243; custom_padding=&#8221;|||0px||&#8221; da_disable_devices=&#8221;off|off|off&#8221; da_is_popup=&#8221;off&#8221; da_exit_intent=&#8221;off&#8221; da_has_close=&#8221;on&#8221; da_alt_close=&#8221;off&#8221; da_dark_close=&#8221;off&#8221; da_not_modal=&#8221;on&#8221; da_is_singular=&#8221;off&#8221; da_with_loader=&#8221;off&#8221; da_has_shadow=&#8221;on&#8221;][et_pb_row _builder_version=&#8221;4.7.7&#8243; _module_preset=&#8221;default&#8221;][et_pb_column type=&#8221;4_4&#8243; _builder_version=&#8221;4.7.7&#8243; _module_preset=&#8221;default&#8221;][et_pb_text _builder_version=&#8221;4.7.7&#8243; _module_preset=&#8221;default&#8221; header_text_color=&#8221;#003366&#8243; header_2_font=&#8221;|||on|||||&#8221; header_2_text_color=&#8221;#003366&#8243; header_2_font_size=&#8221;24px&#8221; custom_margin=&#8221;||8px||false|false&#8221;] Asesor\u00edas profesionales y personalizadas [\/et_pb_text][et_pb_divider divider_weight=&#8221;4px&#8221; _builder_version=&#8221;4.7.7&#8243; _module_preset=&#8221;default&#8221; width=&#8221;80px&#8221; custom_margin=&#8221;||4px||false|false&#8221;][\/et_pb_divider][et_pb_text _builder_version=&#8221;4.7.7&#8243; _module_preset=&#8221;default&#8221; text_font_size=&#8221;16px&#8221;] Comprende toda consulta que se relacione con cualquier problema de car\u00e1cter laboral. Por ejemplo, [&hellip;]<\/p>\n","protected":false},"author":2,"featured_media":0,"parent":0,"menu_order":0,"comment_status":"closed","ping_status":"closed","template":"","meta":{"_et_pb_use_builder":"on","_et_pb_old_content":"<!-- wp:divi\/placeholder \/-->","_et_gb_content_width":"","footnotes":""},"class_list":["post-2023","page","type-page","status-publish","hentry"],"_links":{"self":[{"href":"https:\/\/clilegal.mx\/index.php?rest_route=\/wp\/v2\/pages\/2023","targetHints":{"allow":["GET"]}}],"collection":[{"href":"https:\/\/clilegal.mx\/index.php?rest_route=\/wp\/v2\/pages"}],"about":[{"href":"https:\/\/clilegal.mx\/index.php?rest_route=\/wp\/v2\/types\/page"}],"author":[{"embeddable":true,"href":"https:\/\/clilegal.mx\/index.php?rest_route=\/wp\/v2\/users\/2"}],"replies":[{"embeddable":true,"href":"https:\/\/clilegal.mx\/index.php?rest_route=%2Fwp%2Fv2%2Fcomments&post=2023"}],"version-history":[{"count":11,"href":"https:\/\/clilegal.mx\/index.php?rest_route=\/wp\/v2\/pages\/2023\/revisions"}],"predecessor-version":[{"id":2390,"href":"https:\/\/clilegal.mx\/index.php?rest_route=\/wp\/v2\/pages\/2023\/revisions\/2390"}],"wp:attachment":[{"href":"https:\/\/clilegal.mx\/index.php?rest_route=%2Fwp%2Fv2%2Fmedia&parent=2023"}],"curies":[{"name":"wp","href":"https:\/\/api.w.org\/{rel}","templated":true}]}}